{"id":61,"date":"2016-07-13T14:21:15","date_gmt":"2016-07-13T14:21:15","guid":{"rendered":"http:\/\/euro-cord.com\/fr\/?page_id=61"},"modified":"2020-06-18T10:39:11","modified_gmt":"2020-06-18T08:39:11","slug":"interpretation","status":"publish","type":"page","link":"https:\/\/www.eurocord.fr\/fr\/index.php\/interpretation\/","title":{"rendered":"Interpr\u00e9tation"},"content":{"rendered":"<p>Interpr\u00e9tariat cons\u00e9cutif<br \/>\nFran\u00e7ais-Anglais-Japonais<\/p>\n<p>Domaine\/sp\u00e9cialisation : commercial, t\u00e9l\u00e9vision, exposition, n\u00e9gociation, inspection<\/p>\n<p>Je peux vous offrir de bonnes prestations \u00e0 un prix de march\u00e9 et la confidentialit\u00e9 de vos informations.<\/p>\n<p>Concernant le devis, merci de me pr\u00e9ciser :<\/p>\n<p>\u2022Date de la prestation et horaires exacts<br \/>\n\u2022Langues source et cible d\u2019interpr\u00e9tariat<br \/>\n\u2022Domaine ou sujet<br \/>\n\u2022Nombre de personnes pr\u00e9sentes<br \/>\n\u2022Lieu<\/p>\n","protected":false},"excerpt":{"rendered":"<p>Interpr\u00e9tariat cons\u00e9cutif Fran\u00e7ais-Anglais-Japonais Domaine\/sp\u00e9cialisation : commercial, t\u00e9l\u00e9vision, exposition, n\u00e9gociation, inspection Je peux vous offrir de bonnes prestations \u00e0 un prix de march\u00e9 et la confidentialit\u00e9 de vos informations. Concernant le devis, merci de me pr\u00e9ciser : \u2022Date de la prestation et horaires exacts \u2022Langues source et cible d\u2019interpr\u00e9tariat \u2022Domaine ou sujet \u2022Nombre de personnes pr\u00e9sentes \u2022Lieu<\/p>\n","protected":false},"author":1,"featured_media":0,"parent":0,"menu_order":0,"comment_status":"closed","ping_status":"closed","template":"","meta":[],"_links":{"self":[{"href":"https:\/\/www.eurocord.fr\/fr\/index.php\/wp-json\/wp\/v2\/pages\/61"}],"collection":[{"href":"https:\/\/www.eurocord.fr\/fr\/index.php\/wp-json\/wp\/v2\/pages"}],"about":[{"href":"https:\/\/www.eurocord.fr\/fr\/index.php\/wp-json\/wp\/v2\/types\/page"}],"author":[{"embeddable":true,"href":"https:\/\/www.eurocord.fr\/fr\/index.php\/wp-json\/wp\/v2\/users\/1"}],"replies":[{"embeddable":true,"href":"https:\/\/www.eurocord.fr\/fr\/index.php\/wp-json\/wp\/v2\/comments?post=61"}],"version-history":[{"count":2,"href":"https:\/\/www.eurocord.fr\/fr\/index.php\/wp-json\/wp\/v2\/pages\/61\/revisions"}],"predecessor-version":[{"id":145,"href":"https:\/\/www.eurocord.fr\/fr\/index.php\/wp-json\/wp\/v2\/pages\/61\/revisions\/145"}],"wp:attachment":[{"href":"https:\/\/www.eurocord.fr\/fr\/index.php\/wp-json\/wp\/v2\/media?parent=61"}],"curies":[{"name":"wp","href":"https:\/\/api.w.org\/{rel}","templated":true}]}}