{"id":30,"date":"2015-09-15T03:37:12","date_gmt":"2015-09-15T01:37:12","guid":{"rendered":"http:\/\/www.euro-cord.com\/?page_id=30"},"modified":"2020-06-18T10:38:18","modified_gmt":"2020-06-18T08:38:18","slug":"translation","status":"publish","type":"page","link":"https:\/\/www.eurocord.fr\/fr\/index.php\/translation\/","title":{"rendered":"Traduction"},"content":{"rendered":"<p><img loading=\"lazy\" class=\"alignright wp-image-77 size-medium\" src=\"https:\/\/www.eurocord.fr\/fr\/wp-content\/uploads\/2016\/07\/slider03-300x150.jpg\" alt=\"Traduction\" width=\"300\" height=\"150\" srcset=\"https:\/\/www.eurocord.fr\/fr\/wp-content\/uploads\/2016\/07\/slider03-300x150.jpg 300w, https:\/\/www.eurocord.fr\/fr\/wp-content\/uploads\/2016\/07\/slider03-768x384.jpg 768w, https:\/\/www.eurocord.fr\/fr\/wp-content\/uploads\/2016\/07\/slider03.jpg 880w\" sizes=\"(max-width: 300px) 100vw, 300px\" \/>Fran\u00e7ais-Anglais-Japonais<br \/>\nTraduction<\/p>\n<p>Sous-titrage d\u2019\u00e9missions t\u00e9l\u00e9vis\u00e9es et de films.<\/p>\n<p>Domaine\/sp\u00e9cialisation : commercial, t\u00e9l\u00e9vision, site internet, documents, catalogues, brochures<\/p>\n<p>Je peux vous offrir de bonnes traductions \u00e0 un prix de march\u00e9 et la confidentialit\u00e9 de vos informations.<br \/>\nConcernant le devis, merci de me pr\u00e9ciser le domaine et le d\u00e9lai que vous souhaitez.<\/p>\n","protected":false},"excerpt":{"rendered":"<p>Fran\u00e7ais-Anglais-Japonais Traduction Sous-titrage d\u2019\u00e9missions t\u00e9l\u00e9vis\u00e9es et de films. Domaine\/sp\u00e9cialisation : commercial, t\u00e9l\u00e9vision, site internet, documents, catalogues, brochures Je peux vous offrir de bonnes traductions \u00e0 un prix de march\u00e9 et la confidentialit\u00e9 de vos informations. Concernant le devis, merci de me pr\u00e9ciser le domaine et le d\u00e9lai que vous souhaitez.<\/p>\n","protected":false},"author":1,"featured_media":0,"parent":0,"menu_order":0,"comment_status":"closed","ping_status":"closed","template":"","meta":[],"_links":{"self":[{"href":"https:\/\/www.eurocord.fr\/fr\/index.php\/wp-json\/wp\/v2\/pages\/30"}],"collection":[{"href":"https:\/\/www.eurocord.fr\/fr\/index.php\/wp-json\/wp\/v2\/pages"}],"about":[{"href":"https:\/\/www.eurocord.fr\/fr\/index.php\/wp-json\/wp\/v2\/types\/page"}],"author":[{"embeddable":true,"href":"https:\/\/www.eurocord.fr\/fr\/index.php\/wp-json\/wp\/v2\/users\/1"}],"replies":[{"embeddable":true,"href":"https:\/\/www.eurocord.fr\/fr\/index.php\/wp-json\/wp\/v2\/comments?post=30"}],"version-history":[{"count":2,"href":"https:\/\/www.eurocord.fr\/fr\/index.php\/wp-json\/wp\/v2\/pages\/30\/revisions"}],"predecessor-version":[{"id":144,"href":"https:\/\/www.eurocord.fr\/fr\/index.php\/wp-json\/wp\/v2\/pages\/30\/revisions\/144"}],"wp:attachment":[{"href":"https:\/\/www.eurocord.fr\/fr\/index.php\/wp-json\/wp\/v2\/media?parent=30"}],"curies":[{"name":"wp","href":"https:\/\/api.w.org\/{rel}","templated":true}]}}